{"id":6,"date":"2025-11-14T20:06:46","date_gmt":"2025-11-14T20:06:46","guid":{"rendered":"https:\/\/marbellabostad.se\/?page_id=6"},"modified":"2025-11-14T20:09:26","modified_gmt":"2025-11-14T20:09:26","slug":"marbella-bostad-svensk-guide-till-bostader","status":"publish","type":"page","link":"https:\/\/marbellabostad.se\/","title":{"rendered":"Marbella Bostad \u2013 Svensk Guide till Bost\u00e4der"},"content":{"rendered":"\t\t<div data-elementor-type=\"wp-post\" data-elementor-id=\"6\" class=\"elementor elementor-6\">\n\t\t\t\t<div class=\"elementor-element elementor-element-651900a e-flex e-con-boxed e-con e-parent\" data-id=\"651900a\" data-element_type=\"container\" data-settings=\"{&quot;background_background&quot;:&quot;classic&quot;}\">\n\t\t\t\t\t<div class=\"e-con-inner\">\n\t\t\t\t<div class=\"elementor-element elementor-element-183058ba elementor-widget elementor-widget-heading\" data-id=\"183058ba\" data-element_type=\"widget\" data-widget_type=\"heading.default\">\n\t\t\t\t\t<h1 class=\"elementor-heading-title elementor-size-default\">Marbella Bostad \u2013 Svensk Guide till Bost\u00e4der i Marbella<\/h1>\t\t\t\t<\/div>\n\t\t\t\t<div class=\"elementor-element elementor-element-2c171763 elementor-widget elementor-widget-text-editor\" data-id=\"2c171763\" data-element_type=\"widget\" data-widget_type=\"text-editor.default\">\n\t\t\t\t\t\t\t\t\t<p>K\u00f6p bostad i Marbella. Svensk guide med bost\u00e4der, omr\u00e5den, priser och trygg k\u00f6pprocess.<\/p>\t\t\t\t\t\t\t\t<\/div>\n\t\t\t\t<div class=\"elementor-element elementor-element-ad4c9a6 elementor-widget elementor-widget-text-editor\" data-id=\"ad4c9a6\" data-element_type=\"widget\" data-widget_type=\"text-editor.default\">\n\t\t\t\t\t\t\t\t\t<p data-start=\"247\" data-end=\"387\"><strong data-start=\"247\" data-end=\"275\">Want to buy this domain?<\/strong><br data-start=\"275\" data-end=\"278\" \/>Email me at <strong><a class=\"decorated-link cursor-pointer\" href=\"mailto:info@beastproductions.se\" rel=\"noopener\" data-start=\"292\" data-end=\"316\">info@beastproductions.se<\/a><\/strong> and I\u2019ll get back to you with pricing, availability, and next steps.<\/p>\t\t\t\t\t\t\t\t<\/div>\n\t\t\t\t<div class=\"elementor-element elementor-element-407f05a7 elementor-widget elementor-widget-text-editor\" data-id=\"407f05a7\" data-element_type=\"widget\" data-widget_type=\"text-editor.default\">\n\t\t\t\t\t\t\t\t\t<p>website owned by <a href=\"http:\/\/beastproductions.se\">www.beastproductions.se<\/a><\/p>\t\t\t\t\t\t\t\t<\/div>\n\t\t\t\t\t<\/div>\n\t\t\t\t<\/div>\n\t\t\t\t<\/div>\n\t\t","protected":false},"excerpt":{"rendered":"<p>Marbella Bostad \u2013 Svensk Guide till Bost\u00e4der i Marbella K\u00f6p bostad i Marbella. Svensk guide med bost\u00e4der, omr\u00e5den, priser och trygg k\u00f6pprocess. Want to buy this domain?Email me at info@beastproductions.se and I\u2019ll get back to you with pricing, availability, and next steps. website owned by www.beastproductions.se<\/p>\n","protected":false},"author":1,"featured_media":0,"parent":0,"menu_order":0,"comment_status":"closed","ping_status":"closed","template":"elementor_canvas","meta":{"footnotes":""},"class_list":["post-6","page","type-page","status-publish","hentry"],"_links":{"self":[{"href":"https:\/\/marbellabostad.se\/index.php?rest_route=\/wp\/v2\/pages\/6","targetHints":{"allow":["GET"]}}],"collection":[{"href":"https:\/\/marbellabostad.se\/index.php?rest_route=\/wp\/v2\/pages"}],"about":[{"href":"https:\/\/marbellabostad.se\/index.php?rest_route=\/wp\/v2\/types\/page"}],"author":[{"embeddable":true,"href":"https:\/\/marbellabostad.se\/index.php?rest_route=\/wp\/v2\/users\/1"}],"replies":[{"embeddable":true,"href":"https:\/\/marbellabostad.se\/index.php?rest_route=%2Fwp%2Fv2%2Fcomments&post=6"}],"version-history":[{"count":5,"href":"https:\/\/marbellabostad.se\/index.php?rest_route=\/wp\/v2\/pages\/6\/revisions"}],"predecessor-version":[{"id":21,"href":"https:\/\/marbellabostad.se\/index.php?rest_route=\/wp\/v2\/pages\/6\/revisions\/21"}],"wp:attachment":[{"href":"https:\/\/marbellabostad.se\/index.php?rest_route=%2Fwp%2Fv2%2Fmedia&parent=6"}],"curies":[{"name":"wp","href":"https:\/\/api.w.org\/{rel}","templated":true}]}}